{"id":1261,"date":"2023-12-01T10:29:58","date_gmt":"2023-12-01T09:29:58","guid":{"rendered":"https:\/\/artofgolf.eu\/ken-reed\/"},"modified":"2024-02-12T15:46:37","modified_gmt":"2024-02-12T14:46:37","slug":"ken-reed","status":"publish","type":"page","link":"https:\/\/artofgolf.eu\/de\/ken-reed\/","title":{"rendered":"Ken Reed"},"content":{"rendered":"<p>[et_pb_section fb_built=&#8220;1&#8243; _builder_version=&#8220;4.22.2&#8243; _module_preset=&#8220;default&#8220; background_enable_image=&#8220;off&#8220; custom_margin=&#8220;0px|0px|0px|0px|false|false&#8220; custom_padding=&#8220;0px|0px|0px|0px|false|false&#8220; global_colors_info=&#8220;{}&#8220;][et_pb_row module_class=&#8220;headLineContainer&#8220; _builder_version=&#8220;4.22.2&#8243; _module_preset=&#8220;default&#8220; width=&#8220;100%&#8220; max_width=&#8220;100%&#8220; height=&#8220;100vh&#8220; custom_margin=&#8220;0px|0px|0px|0px|false|false&#8220; custom_padding=&#8220;0px|0px|0px|0px|false|false&#8220; global_colors_info=&#8220;{}&#8220;][et_pb_column type=&#8220;4_4&#8243; _builder_version=&#8220;4.22.2&#8243; _module_preset=&#8220;default&#8220; global_colors_info=&#8220;{}&#8220;][et_pb_slider show_pagination=&#8220;off&#8220; _builder_version=&#8220;4.23&#8243; _module_preset=&#8220;default&#8220; height=&#8220;100vh&#8220; global_colors_info=&#8220;{}&#8220;][et_pb_slide _builder_version=&#8220;4.23&#8243; _module_preset=&#8220;default&#8220; background_color=&#8220;#CCCCCC&#8220; background_enable_color=&#8220;on&#8220; background_image=&#8220;https:\/\/artofgolf.eu\/wp-content\/uploads\/dundonald4.jpg&#8220; background_enable_image=&#8220;on&#8220; global_colors_info=&#8220;{}&#8220; sticky_transition=&#8220;on&#8220;][\/et_pb_slide][\/et_pb_slider][et_pb_text module_class=&#8220;headLine&#8220; _builder_version=&#8220;4.23&#8243; _module_preset=&#8220;default&#8220; header_text_color=&#8220;#FFFFFF&#8220; global_colors_info=&#8220;{}&#8220;]<\/p>\n<h1 style=\"text-align: center;\">Kunstwerke des Golfsports<br \/><strong>The Art of Golf<\/strong><\/h1>\n<p>[\/et_pb_text][\/et_pb_column][\/et_pb_row][\/et_pb_section][et_pb_section fb_built=&#8220;1&#8243; _builder_version=&#8220;4.22.2&#8243; _module_preset=&#8220;default&#8220; global_colors_info=&#8220;{}&#8220;][et_pb_row column_structure=&#8220;1_2,1_2&#8243; _builder_version=&#8220;4.22.2&#8243; _module_preset=&#8220;default&#8220; global_colors_info=&#8220;{}&#8220;][et_pb_column type=&#8220;1_2&#8243; _builder_version=&#8220;4.22.2&#8243; _module_preset=&#8220;default&#8220; global_colors_info=&#8220;{}&#8220;][et_pb_text _builder_version=&#8220;4.23&#8243; _module_preset=&#8220;default&#8220; global_colors_info=&#8220;{}&#8220;]<\/p>\n<h2>Ken Reed<\/h2>\n<p>[\/et_pb_text][\/et_pb_column][et_pb_column type=&#8220;1_2&#8243; _builder_version=&#8220;4.22.2&#8243; _module_preset=&#8220;default&#8220; global_colors_info=&#8220;{}&#8220;][\/et_pb_column][\/et_pb_row][et_pb_row column_structure=&#8220;1_2,1_2&#8243; _builder_version=&#8220;4.22.2&#8243; _module_preset=&#8220;default&#8220; global_colors_info=&#8220;{}&#8220;][et_pb_column type=&#8220;1_2&#8243; _builder_version=&#8220;4.22.2&#8243; _module_preset=&#8220;default&#8220; global_colors_info=&#8220;{}&#8220;][et_pb_text _builder_version=&#8220;4.23&#8243; _module_preset=&#8220;default&#8220; global_colors_info=&#8220;{}&#8220;]<\/p>\n<p>Ken Reeds Bilder von Golfpl\u00e4tzen zeugen von seiner Meisterschaft, das Wesen und die Sch\u00f6nheit dieser Sportlandschaften einzufangen. Reeds Kunst ist bekannt f\u00fcr seine akribische Liebe zum Detail und erweckt Golfpl\u00e4tze mit lebendigen Farben, tadelloser Pr\u00e4zision und einer tiefen Wertsch\u00e4tzung f\u00fcr die nat\u00fcrliche Umgebung zum Leben. Jeder seiner Pinselstriche scheint das sanfte Wogen des Grases, das h\u00fcgelige Gel\u00e4nde und die besonderen Merkmale renommierter Golfpl\u00e4tze zu vermitteln. Reeds Werke gehen \u00fcber die blo\u00dfe Darstellung hinaus; sie vermitteln ein Gef\u00fchl der Gelassenheit und der Leidenschaft, die mit dem Sport verbunden sind, und machen seine Gem\u00e4lde zu einer gesch\u00e4tzten Sammlung f\u00fcr Golfliebhaber und Kunstinteressierte gleicherma\u00dfen. Seine F\u00e4higkeit, den Betrachter in das Herz des Golfsports zu versetzen, zeugt von seinem k\u00fcnstlerischen K\u00f6nnen und seiner Liebe zum Golfsport.<\/p>\n<p>[\/et_pb_text][\/et_pb_column][et_pb_column type=&#8220;1_2&#8243; _builder_version=&#8220;4.22.2&#8243; _module_preset=&#8220;default&#8220; global_colors_info=&#8220;{}&#8220;][et_pb_image src=&#8220;https:\/\/artofgolf.eu\/wp-content\/uploads\/kenn-reed-8.jpg&#8220; title_text=&#8220;Golf-Kunstwerke &#8211; Ken Reed&#8220; _builder_version=&#8220;4.23.4&#8243; _module_preset=&#8220;default&#8220; hover_enabled=&#8220;0&#8243; global_colors_info=&#8220;{}&#8220; alt=&#8220;Golf-Kunstwerke &#8211; Ken Reed&#8220; sticky_enabled=&#8220;0&#8243;][\/et_pb_image][\/et_pb_column][\/et_pb_row][\/et_pb_section][et_pb_section fb_built=&#8220;1&#8243; _builder_version=&#8220;4.23&#8243; _module_preset=&#8220;default&#8220; global_colors_info=&#8220;{}&#8220;][et_pb_row _builder_version=&#8220;4.23&#8243; _module_preset=&#8220;default&#8220; global_colors_info=&#8220;{}&#8220;][et_pb_column type=&#8220;4_4&#8243; _builder_version=&#8220;4.23&#8243; _module_preset=&#8220;default&#8220; global_colors_info=&#8220;{}&#8220;][et_pb_gallery gallery_ids=&#8220;927,929,931,933,935,937,939,941&#8243; posts_number=&#8220;8&#8243; show_title_and_caption=&#8220;off&#8220; show_pagination=&#8220;off&#8220; _builder_version=&#8220;4.23&#8243; _module_preset=&#8220;default&#8220; hover_enabled=&#8220;0&#8243; global_colors_info=&#8220;{}&#8220; sticky_enabled=&#8220;0&#8243;][\/et_pb_gallery][\/et_pb_column][\/et_pb_row][\/et_pb_section][et_pb_section fb_built=&#8220;1&#8243; _builder_version=&#8220;4.23&#8243; _module_preset=&#8220;default&#8220; background_image=&#8220;https:\/\/artofgolf.eu\/wp-content\/uploads\/dundonald3.jpg&#8220; height=&#8220;80vh&#8220; global_colors_info=&#8220;{}&#8220;][\/et_pb_section]<\/p>\n","protected":false},"excerpt":{"rendered":"<p>Kunstwerke des GolfsportsThe Art of GolfKen ReedKen Reeds Bilder von Golfpl\u00e4tzen zeugen von seiner Meisterschaft, das Wesen und die Sch\u00f6nheit dieser Sportlandschaften einzufangen. Reeds Kunst ist bekannt f\u00fcr seine akribische Liebe zum Detail und erweckt Golfpl\u00e4tze mit lebendigen Farben, tadelloser Pr\u00e4zision und einer tiefen Wertsch\u00e4tzung f\u00fcr die nat\u00fcrliche Umgebung zum Leben. Jeder seiner Pinselstriche scheint [&hellip;]<\/p>\n","protected":false},"author":1,"featured_media":0,"parent":0,"menu_order":0,"comment_status":"closed","ping_status":"closed","template":"","meta":{"_et_pb_use_builder":"on","_et_pb_old_content":"","_et_gb_content_width":"","footnotes":""},"class_list":["post-1261","page","type-page","status-publish","hentry"],"yoast_head":"<!-- This site is optimized with the Yoast SEO plugin v27.6 - https:\/\/yoast.com\/product\/yoast-seo-wordpress\/ -->\n<title>Ken Reed - The Art of Golf, Flintsbach, Germany<\/title>\n<meta name=\"description\" content=\"\u2713 Golf Kunstwerke - Ken Reed \u260e Kontakt Bill Pringle\" \/>\n<meta name=\"robots\" content=\"index, follow, max-snippet:-1, max-image-preview:large, max-video-preview:-1\" \/>\n<link rel=\"canonical\" href=\"https:\/\/artofgolf.eu\/de\/ken-reed\/\" \/>\n<meta property=\"og:locale\" content=\"de_DE\" \/>\n<meta property=\"og:type\" content=\"article\" \/>\n<meta property=\"og:title\" content=\"Ken Reed - The Art of Golf, Flintsbach, Germany\" \/>\n<meta property=\"og:description\" content=\"\u2713 Golf Kunstwerke - Ken Reed \u260e Kontakt Bill Pringle\" \/>\n<meta property=\"og:url\" content=\"https:\/\/artofgolf.eu\/de\/ken-reed\/\" \/>\n<meta property=\"og:site_name\" content=\"The Art of Golf, Flintsbach, Germany\" \/>\n<meta property=\"article:modified_time\" content=\"2024-02-12T14:46:37+00:00\" \/>\n<meta name=\"twitter:card\" content=\"summary_large_image\" \/>\n<meta name=\"twitter:label1\" content=\"Gesch\u00e4tzte Lesezeit\" \/>\n\t<meta name=\"twitter:data1\" content=\"3\u00a0Minuten\" \/>\n<script type=\"application\/ld+json\" class=\"yoast-schema-graph\">{\"@context\":\"https:\\\/\\\/schema.org\",\"@graph\":[{\"@type\":\"WebPage\",\"@id\":\"https:\\\/\\\/artofgolf.eu\\\/de\\\/ken-reed\\\/\",\"url\":\"https:\\\/\\\/artofgolf.eu\\\/de\\\/ken-reed\\\/\",\"name\":\"Ken Reed - The Art of Golf, Flintsbach, Germany\",\"isPartOf\":{\"@id\":\"https:\\\/\\\/artofgolf.eu\\\/de\\\/#website\"},\"datePublished\":\"2023-12-01T09:29:58+00:00\",\"dateModified\":\"2024-02-12T14:46:37+00:00\",\"description\":\"\u2713 Golf Kunstwerke - Ken Reed \u260e Kontakt Bill Pringle\",\"breadcrumb\":{\"@id\":\"https:\\\/\\\/artofgolf.eu\\\/de\\\/ken-reed\\\/#breadcrumb\"},\"inLanguage\":\"de\",\"potentialAction\":[{\"@type\":\"ReadAction\",\"target\":[\"https:\\\/\\\/artofgolf.eu\\\/de\\\/ken-reed\\\/\"]}]},{\"@type\":\"BreadcrumbList\",\"@id\":\"https:\\\/\\\/artofgolf.eu\\\/de\\\/ken-reed\\\/#breadcrumb\",\"itemListElement\":[{\"@type\":\"ListItem\",\"position\":1,\"name\":\"Startseite\",\"item\":\"https:\\\/\\\/artofgolf.eu\\\/de\\\/\"},{\"@type\":\"ListItem\",\"position\":2,\"name\":\"Ken Reed\"}]},{\"@type\":\"WebSite\",\"@id\":\"https:\\\/\\\/artofgolf.eu\\\/de\\\/#website\",\"url\":\"https:\\\/\\\/artofgolf.eu\\\/de\\\/\",\"name\":\"The Art of Golf, Flintsbach, Germany\",\"description\":\"\",\"potentialAction\":[{\"@type\":\"SearchAction\",\"target\":{\"@type\":\"EntryPoint\",\"urlTemplate\":\"https:\\\/\\\/artofgolf.eu\\\/de\\\/?s={search_term_string}\"},\"query-input\":{\"@type\":\"PropertyValueSpecification\",\"valueRequired\":true,\"valueName\":\"search_term_string\"}}],\"inLanguage\":\"de\"}]}<\/script>\n<!-- \/ Yoast SEO plugin. -->","yoast_head_json":{"title":"Ken Reed - The Art of Golf, Flintsbach, Germany","description":"\u2713 Golf Kunstwerke - Ken Reed \u260e Kontakt Bill Pringle","robots":{"index":"index","follow":"follow","max-snippet":"max-snippet:-1","max-image-preview":"max-image-preview:large","max-video-preview":"max-video-preview:-1"},"canonical":"https:\/\/artofgolf.eu\/de\/ken-reed\/","og_locale":"de_DE","og_type":"article","og_title":"Ken Reed - The Art of Golf, Flintsbach, Germany","og_description":"\u2713 Golf Kunstwerke - Ken Reed \u260e Kontakt Bill Pringle","og_url":"https:\/\/artofgolf.eu\/de\/ken-reed\/","og_site_name":"The Art of Golf, Flintsbach, Germany","article_modified_time":"2024-02-12T14:46:37+00:00","twitter_card":"summary_large_image","twitter_misc":{"Gesch\u00e4tzte Lesezeit":"3\u00a0Minuten"},"schema":{"@context":"https:\/\/schema.org","@graph":[{"@type":"WebPage","@id":"https:\/\/artofgolf.eu\/de\/ken-reed\/","url":"https:\/\/artofgolf.eu\/de\/ken-reed\/","name":"Ken Reed - The Art of Golf, Flintsbach, Germany","isPartOf":{"@id":"https:\/\/artofgolf.eu\/de\/#website"},"datePublished":"2023-12-01T09:29:58+00:00","dateModified":"2024-02-12T14:46:37+00:00","description":"\u2713 Golf Kunstwerke - Ken Reed \u260e Kontakt Bill Pringle","breadcrumb":{"@id":"https:\/\/artofgolf.eu\/de\/ken-reed\/#breadcrumb"},"inLanguage":"de","potentialAction":[{"@type":"ReadAction","target":["https:\/\/artofgolf.eu\/de\/ken-reed\/"]}]},{"@type":"BreadcrumbList","@id":"https:\/\/artofgolf.eu\/de\/ken-reed\/#breadcrumb","itemListElement":[{"@type":"ListItem","position":1,"name":"Startseite","item":"https:\/\/artofgolf.eu\/de\/"},{"@type":"ListItem","position":2,"name":"Ken Reed"}]},{"@type":"WebSite","@id":"https:\/\/artofgolf.eu\/de\/#website","url":"https:\/\/artofgolf.eu\/de\/","name":"The Art of Golf, Flintsbach, Germany","description":"","potentialAction":[{"@type":"SearchAction","target":{"@type":"EntryPoint","urlTemplate":"https:\/\/artofgolf.eu\/de\/?s={search_term_string}"},"query-input":{"@type":"PropertyValueSpecification","valueRequired":true,"valueName":"search_term_string"}}],"inLanguage":"de"}]}},"_links":{"self":[{"href":"https:\/\/artofgolf.eu\/de\/wp-json\/wp\/v2\/pages\/1261","targetHints":{"allow":["GET"]}}],"collection":[{"href":"https:\/\/artofgolf.eu\/de\/wp-json\/wp\/v2\/pages"}],"about":[{"href":"https:\/\/artofgolf.eu\/de\/wp-json\/wp\/v2\/types\/page"}],"author":[{"embeddable":true,"href":"https:\/\/artofgolf.eu\/de\/wp-json\/wp\/v2\/users\/1"}],"replies":[{"embeddable":true,"href":"https:\/\/artofgolf.eu\/de\/wp-json\/wp\/v2\/comments?post=1261"}],"version-history":[{"count":3,"href":"https:\/\/artofgolf.eu\/de\/wp-json\/wp\/v2\/pages\/1261\/revisions"}],"predecessor-version":[{"id":1264,"href":"https:\/\/artofgolf.eu\/de\/wp-json\/wp\/v2\/pages\/1261\/revisions\/1264"}],"wp:attachment":[{"href":"https:\/\/artofgolf.eu\/de\/wp-json\/wp\/v2\/media?parent=1261"}],"curies":[{"name":"wp","href":"https:\/\/api.w.org\/{rel}","templated":true}]}}