{"id":786,"date":"2023-10-26T15:15:22","date_gmt":"2023-10-26T13:15:22","guid":{"rendered":"https:\/\/artofgolf.eu\/startseite\/"},"modified":"2024-02-20T10:47:47","modified_gmt":"2024-02-20T09:47:47","slug":"startseite","status":"publish","type":"page","link":"https:\/\/artofgolf.eu\/de\/","title":{"rendered":"Startseite"},"content":{"rendered":"<p>[et_pb_section fb_built=&#8220;1&#8243; _builder_version=&#8220;4.22.2&#8243; _module_preset=&#8220;default&#8220; background_enable_image=&#8220;off&#8220; custom_margin=&#8220;0px|0px|0px|0px|false|false&#8220; custom_padding=&#8220;0px|0px|0px|0px|false|false&#8220; global_colors_info=&#8220;{}&#8220;][et_pb_row module_class=&#8220;headLineContainer&#8220; _builder_version=&#8220;4.22.2&#8243; _module_preset=&#8220;default&#8220; width=&#8220;100%&#8220; max_width=&#8220;100%&#8220; height=&#8220;100vh&#8220; custom_margin=&#8220;0px|0px|0px|0px|false|false&#8220; custom_padding=&#8220;0px|0px|0px|0px|false|false&#8220; global_colors_info=&#8220;{}&#8220;][et_pb_column type=&#8220;4_4&#8243; _builder_version=&#8220;4.22.2&#8243; _module_preset=&#8220;default&#8220; global_colors_info=&#8220;{}&#8220;][et_pb_slider show_pagination=&#8220;off&#8220; _builder_version=&#8220;4.24.1&#8243; _module_preset=&#8220;default&#8220; height=&#8220;100vh&#8220; auto=&#8220;on&#8220; auto_speed=&#8220;3000&#8243; global_colors_info=&#8220;{}&#8220;][et_pb_slide _builder_version=&#8220;4.22.2&#8243; _module_preset=&#8220;default&#8220; background_color=&#8220;#CCCCCC&#8220; background_enable_color=&#8220;on&#8220; background_image=&#8220;https:\/\/artofgolf.eu\/wp-content\/uploads\/Dundonald-Links-0543-\u00a9patrick-koenig-scaled.jpg&#8220; background_enable_image=&#8220;on&#8220; global_colors_info=&#8220;{}&#8220; sticky_transition=&#8220;on&#8220;][\/et_pb_slide][et_pb_slide _builder_version=&#8220;4.24.1&#8243; _module_preset=&#8220;default&#8220; background_color=&#8220;#CCCCCC&#8220; background_enable_color=&#8220;on&#8220; background_image=&#8220;https:\/\/artofgolf.eu\/wp-content\/uploads\/dundonald7.jpg&#8220; background_enable_image=&#8220;on&#8220; global_colors_info=&#8220;{}&#8220; sticky_transition=&#8220;on&#8220;][\/et_pb_slide][et_pb_slide _builder_version=&#8220;4.23&#8243; _module_preset=&#8220;default&#8220; background_color=&#8220;#CCCCCC&#8220; background_enable_color=&#8220;on&#8220; background_image=&#8220;https:\/\/artofgolf.eu\/wp-content\/uploads\/art-of-golf2.jpg&#8220; background_enable_image=&#8220;on&#8220; global_colors_info=&#8220;{}&#8220; sticky_transition=&#8220;on&#8220;][\/et_pb_slide][\/et_pb_slider][et_pb_text module_class=&#8220;headLine&#8220; _builder_version=&#8220;4.24.1&#8243; _module_preset=&#8220;default&#8220; header_text_color=&#8220;#FFFFFF&#8220; global_colors_info=&#8220;{}&#8220;]<\/p>\n<h1 style=\"text-align: center;\">The Art of Golf<br \/><strong>Beratung\u00a0 |\u00a0 Bauwesen\u00a0 |\u00a0 Reisen &amp; Golf\u00a0 |\u00a0 Kunstwerke des Golfsports<br \/><\/strong><\/h1>\n<p>[\/et_pb_text][\/et_pb_column][\/et_pb_row][\/et_pb_section][et_pb_section fb_built=&#8220;1&#8243; _builder_version=&#8220;4.23&#8243; _module_preset=&#8220;default&#8220; background_color=&#8220;#F7F7F7&#8243; global_colors_info=&#8220;{}&#8220;][et_pb_row column_structure=&#8220;1_3,1_3,1_3&#8243; _builder_version=&#8220;4.23&#8243; _module_preset=&#8220;default&#8220; global_colors_info=&#8220;{}&#8220;][et_pb_column type=&#8220;1_3&#8243; _builder_version=&#8220;4.23&#8243; _module_preset=&#8220;default&#8220; animation_style=&#8220;fade&#8220; global_colors_info=&#8220;{}&#8220;][et_pb_image src=&#8220;https:\/\/artofgolf.eu\/wp-content\/uploads\/Canny-Crow-Views-Dundonald-Links-scaled.jpg&#8220; alt=&#8220;Canny Crow Ansichten &#8211; Dundonald Links&#8220; title_text=&#8220;Canny Crow Ansichten &#8211; Dundonald Links&#8220; _builder_version=&#8220;4.23.1&#8243; _module_preset=&#8220;default&#8220; global_colors_info=&#8220;{}&#8220;][\/et_pb_image][\/et_pb_column][et_pb_column type=&#8220;1_3&#8243; _builder_version=&#8220;4.23&#8243; _module_preset=&#8220;default&#8220; animation_style=&#8220;fade&#8220; animation_delay=&#8220;500ms&#8220; hover_enabled=&#8220;0&#8243; global_colors_info=&#8220;{}&#8220; sticky_enabled=&#8220;0&#8243;][et_pb_image src=&#8220;https:\/\/artofgolf.eu\/wp-content\/uploads\/golf-course.jpg&#8220; alt=&#8220;Beratung &#8211; Golfpl\u00e4tze&#8220; title_text=&#8220;Golfplatz&#8220; _builder_version=&#8220;4.24.0&#8243; _module_preset=&#8220;default&#8220; global_colors_info=&#8220;{}&#8220;][\/et_pb_image][\/et_pb_column][et_pb_column type=&#8220;1_3&#8243; _builder_version=&#8220;4.23&#8243; _module_preset=&#8220;default&#8220; animation_style=&#8220;fade&#8220; animation_delay=&#8220;1000ms&#8220; hover_enabled=&#8220;0&#8243; global_colors_info=&#8220;{}&#8220; sticky_enabled=&#8220;0&#8243;][et_pb_image src=&#8220;https:\/\/artofgolf.eu\/wp-content\/uploads\/7-Hotel-Rooms-External-Dundonald-Links.jpg&#8220; alt=&#8220;7 Hotelzimmer &#8211; Extern &#8211; Dundonald Links&#8220; title_text=&#8220;7 Hotelzimmer &#8211; Extern &#8211; Dundonald Links&#8220; _builder_version=&#8220;4.23.1&#8243; _module_preset=&#8220;default&#8220; global_colors_info=&#8220;{}&#8220;][\/et_pb_image][\/et_pb_column][\/et_pb_row][\/et_pb_section][et_pb_section fb_built=&#8220;1&#8243; _builder_version=&#8220;4.23&#8243; _module_preset=&#8220;default&#8220; animation_style=&#8220;fade&#8220; global_colors_info=&#8220;{}&#8220;][et_pb_row column_structure=&#8220;2_5,3_5&#8243; _builder_version=&#8220;4.22.2&#8243; _module_preset=&#8220;default&#8220; global_colors_info=&#8220;{}&#8220;][et_pb_column type=&#8220;2_5&#8243; _builder_version=&#8220;4.22.2&#8243; _module_preset=&#8220;default&#8220; global_colors_info=&#8220;{}&#8220;][et_pb_text admin_label=&#8220;Consulting &#038; Management&#8220; _builder_version=&#8220;4.24.0&#8243; _module_preset=&#8220;default&#8220; global_colors_info=&#8220;{}&#8220;]<\/p>\n<h2>Beratung &amp;<br \/>Verwaltung<\/h2>\n<div class=\"flex flex-grow flex-col max-w-full\" data-mce-fragment=\"1\">\n<div class=\"min-h-[20px] text-message flex flex-col items-start gap-3 whitespace-pre-wrap break-words [.text-message+&amp;]:mt-5 overflow-x-auto\" data-message-author-role=\"assistant\" data-message-id=\"bdddeb3b-5639-46ea-a59e-abaa69bead62\" data-mce-fragment=\"1\">\n<div class=\"markdown prose w-full break-words dark:prose-invert light\" data-mce-fragment=\"1\">\n<p data-mce-fragment=\"1\">Die Verwaltung eines Golfplatzes umfasst die \u00dcberwachung verschiedener Aspekte, um einen reibungslosen Betrieb und ein optimales Erlebnis f\u00fcr Golfer zu gew\u00e4hrleisten. Diese facettenreiche Rolle erfordert eine Kombination aus Gesch\u00e4ftssinn, Gartenbauwissen, Kundendienstf\u00e4higkeiten und einer Leidenschaft f\u00fcr das Spiel. Hier ein kurzer \u00dcberblick \u00fcber die wichtigsten Aufgaben:<\/p>\n<\/div>\n<\/div>\n<\/div>\n<p>&nbsp;<\/p>\n<p>[\/et_pb_text][et_pb_button button_url=&#8220;@ET-DC@eyJkeW5hbWljIjp0cnVlLCJjb250ZW50IjoicG9zdF9saW5rX3VybF9wYWdlIiwic2V0dGluZ3MiOnsicG9zdF9pZCI6IjU0OSJ9fQ==@&#8220; button_text=&#8220;Lesen Sie mehr!&#8220; _builder_version=&#8220;4.23&#8243; _dynamic_attributes=&#8220;button_url&#8220; _module_preset=&#8220;default&#8220; global_colors_info=&#8220;{}&#8220;][\/et_pb_button][\/et_pb_column][et_pb_column type=&#8220;3_5&#8243; _builder_version=&#8220;4.22.2&#8243; _module_preset=&#8220;default&#8220; global_colors_info=&#8220;{}&#8220;][et_pb_image src=&#8220;https:\/\/artofgolf.eu\/wp-content\/uploads\/golf-course-planning-design.jpg&#8220; alt=&#8220;Golfpl\u00e4tze &#8211; Beratung &#038; Management&#8220; title_text=&#8220;Golfplatz-Planung-Design&#8220; _builder_version=&#8220;4.24.0&#8243; _module_preset=&#8220;default&#8220; global_colors_info=&#8220;{}&#8220;][\/et_pb_image][\/et_pb_column][\/et_pb_row][\/et_pb_section][et_pb_section fb_built=&#8220;1&#8243; _builder_version=&#8220;4.23&#8243; _module_preset=&#8220;default&#8220; background_color=&#8220;#F7F7F7&#8243; animation_style=&#8220;fade&#8220; global_colors_info=&#8220;{}&#8220;][et_pb_row column_structure=&#8220;3_5,2_5&#8243; _builder_version=&#8220;4.22.2&#8243; _module_preset=&#8220;default&#8220; global_colors_info=&#8220;{}&#8220;][et_pb_column type=&#8220;3_5&#8243; _builder_version=&#8220;4.22.2&#8243; _module_preset=&#8220;default&#8220; global_colors_info=&#8220;{}&#8220;][et_pb_image src=&#8220;https:\/\/artofgolf.eu\/wp-content\/uploads\/golf-course-construction.jpg&#8220; alt=&#8220;Bau &#038; Bew\u00e4sserung &#8211; Golfplatz&#8220; title_text=&#8220;Bau von Golfpl\u00e4tzen&#8220; _builder_version=&#8220;4.24.0&#8243; _module_preset=&#8220;default&#8220; global_colors_info=&#8220;{}&#8220;][\/et_pb_image][\/et_pb_column][et_pb_column type=&#8220;2_5&#8243; _builder_version=&#8220;4.22.2&#8243; _module_preset=&#8220;default&#8220; global_colors_info=&#8220;{}&#8220;][et_pb_text admin_label=&#8220;Construction &#038; Irrigation&#8220; _builder_version=&#8220;4.24.0&#8243; _module_preset=&#8220;default&#8220; global_colors_info=&#8220;{}&#8220;]<\/p>\n<h2>Bauwesen<br \/>&amp; Bew\u00e4sserung<\/h2>\n<p>1872 Services ist darauf spezialisiert, seinen Kunden &#8222;schl\u00fcsselfertige&#8220; Pakete f\u00fcr Golfplatzprojekte in ganz Asien anzubieten. Von der anf\u00e4nglichen Projektvorplanung bis hin zu einem voll funktionsf\u00e4higen und bespielbaren Golfplatz kann jeder einzelne Aspekt des Projekts von 1872 \u00fcbernommen werden.<\/p>\n<p>Unsere Erfahrung gibt den Kunden die Sicherheit, dass alle Projektphasen von einem Unternehmen abgewickelt werden, wodurch ein strafferes und somit wirtschaftlicheres Projekt mit einer h\u00f6heren Gesamtqualit\u00e4t realisiert werden kann.<\/p>\n<p>[\/et_pb_text][et_pb_button button_url=&#8220;@ET-DC@eyJkeW5hbWljIjp0cnVlLCJjb250ZW50IjoicG9zdF9saW5rX3VybF9wYWdlIiwic2V0dGluZ3MiOnsicG9zdF9pZCI6IjU1MSJ9fQ==@&#8220; button_text=&#8220;Lesen Sie mehr!&#8220; _builder_version=&#8220;4.23&#8243; _dynamic_attributes=&#8220;button_url&#8220; _module_preset=&#8220;default&#8220; global_colors_info=&#8220;{}&#8220;][\/et_pb_button][\/et_pb_column][\/et_pb_row][\/et_pb_section][et_pb_section fb_built=&#8220;1&#8243; _builder_version=&#8220;4.23&#8243; _module_preset=&#8220;default&#8220; background_color=&#8220;RGBA(255,255,255,0)&#8220; animation_style=&#8220;fade&#8220; global_colors_info=&#8220;{}&#8220;][et_pb_row column_structure=&#8220;2_5,3_5&#8243; _builder_version=&#8220;4.22.2&#8243; _module_preset=&#8220;default&#8220; global_colors_info=&#8220;{}&#8220;][et_pb_column type=&#8220;2_5&#8243; _builder_version=&#8220;4.22.2&#8243; _module_preset=&#8220;default&#8220; global_colors_info=&#8220;{}&#8220;][et_pb_text admin_label=&#8220;Travel to the&#8220; _builder_version=&#8220;4.24.0&#8243; _module_preset=&#8220;default&#8220; global_colors_info=&#8220;{}&#8220;]<\/p>\n<h2>Reisen Sie in die<br \/>Versteckte Edelsteine<\/h2>\n<p>Eine Reise zu ber\u00fchmten Golfpl\u00e4tzen ist eine Pilgerreise f\u00fcr Enthusiasten und eine Suche f\u00fcr begeisterte Reisende, die eine einzigartige Mischung aus sportlicher Exzellenz und landschaftlicher Sch\u00f6nheit suchen. Ber\u00fchmte Golfpl\u00e4tze wie Augusta National, St. Andrews oder Pebble Beach bieten mehr als nur eine Runde Golf. Es ist eine kulturelle Entdeckungsreise und eine Chance, in die Fu\u00dfstapfen von Golflegenden zu treten.<\/p>\n<p>Jeder Platz bietet seine eigene Geschichte, architektonische Wunder und atemberaubende Landschaften. Von den gepflegten Gr\u00fcns bis hin zu den anspruchsvollen Fairways bieten diese Golfdestinationen ein immersives Erlebnis, das \u00fcber das Spiel selbst hinausgeht.<\/p>\n<p>[\/et_pb_text][et_pb_button button_url=&#8220;@ET-DC@eyJkeW5hbWljIjp0cnVlLCJjb250ZW50IjoicG9zdF9saW5rX3VybF9wYWdlIiwic2V0dGluZ3MiOnsicG9zdF9pZCI6IjU1MyJ9fQ==@&#8220; button_text=&#8220;Lesen Sie mehr!&#8220; _builder_version=&#8220;4.23&#8243; _dynamic_attributes=&#8220;button_url&#8220; _module_preset=&#8220;default&#8220; global_colors_info=&#8220;{}&#8220;][\/et_pb_button][\/et_pb_column][et_pb_column type=&#8220;3_5&#8243; _builder_version=&#8220;4.22.2&#8243; _module_preset=&#8220;default&#8220; global_colors_info=&#8220;{}&#8220;][et_pb_image src=&#8220;https:\/\/artofgolf.eu\/wp-content\/uploads\/art-of-golf-travel.jpg&#8220; alt=&#8220;  Reisen Sie zu den versteckten Juwelen &#8211; Golfpl\u00e4tze&#8220; title_text=&#8220;  Reisen Sie zu den versteckten Juwelen&#8220; _builder_version=&#8220;4.23.1&#8243; _module_preset=&#8220;default&#8220; global_colors_info=&#8220;{}&#8220;][\/et_pb_image][\/et_pb_column][\/et_pb_row][\/et_pb_section][et_pb_section fb_built=&#8220;1&#8243; _builder_version=&#8220;4.23&#8243; _module_preset=&#8220;default&#8220; background_color=&#8220;#F7F7F7&#8243; animation_style=&#8220;fade&#8220; global_colors_info=&#8220;{}&#8220;][et_pb_row column_structure=&#8220;3_5,2_5&#8243; _builder_version=&#8220;4.22.2&#8243; _module_preset=&#8220;default&#8220; global_colors_info=&#8220;{}&#8220;][et_pb_column type=&#8220;3_5&#8243; _builder_version=&#8220;4.22.2&#8243; _module_preset=&#8220;default&#8220; global_colors_info=&#8220;{}&#8220;][et_pb_image src=&#8220;https:\/\/artofgolf.eu\/wp-content\/uploads\/painting4.jpg&#8220; alt=&#8220;Entdecken Sie die Kunstwerke des Golfsports&#8220; title_text=&#8220;Entdecken Sie die Kunstwerke des Golfsports&#8220; _builder_version=&#8220;4.23.1&#8243; _module_preset=&#8220;default&#8220; global_colors_info=&#8220;{}&#8220;][\/et_pb_image][\/et_pb_column][et_pb_column type=&#8220;2_5&#8243; _builder_version=&#8220;4.22.2&#8243; _module_preset=&#8220;default&#8220; global_colors_info=&#8220;{}&#8220;][et_pb_text admin_label=&#8220;Golf Artworks&#8220; _builder_version=&#8220;4.24.0&#8243; _module_preset=&#8220;default&#8220; global_colors_info=&#8220;{}&#8220;]<\/p>\n<h2>Golf<br \/>Kunstwerke<\/h2>\n<p>Ken Reed und Linda Hartough sind gefeierte K\u00fcnstler, die f\u00fcr ihre bemerkenswerten Gem\u00e4lde bekannt sind, die die Sch\u00f6nheit und Essenz von Golfpl\u00e4tzen einfangen. Ken Reeds Werke zeigen eine meisterhafte Mischung aus Realismus und lebendigen Farbpaletten und entf\u00fchren den Betrachter in die \u00fcppigen Gr\u00fcns und sorgf\u00e4ltig gestalteten Landschaften von Golfpl\u00e4tzen. Seine Liebe zum Detail und sein geschickter Einsatz von Licht und Schatten schaffen ein Gef\u00fchl von Realismus, das den Betrachter in die ruhige Atmosph\u00e4re der Golfwelt eintauchen l\u00e4sst. Auf der anderen Seite bringt Linda Hartough, bekannt f\u00fcr ihre Golfplatzlandschaften, eine einzigartige Perspektive in ihre Gem\u00e4lde ein.<\/p>\n<p>[\/et_pb_text][et_pb_button button_url=&#8220;@ET-DC@eyJkeW5hbWljIjp0cnVlLCJjb250ZW50IjoicG9zdF9saW5rX3VybF9wYWdlIiwic2V0dGluZ3MiOnsicG9zdF9pZCI6IjU1NSJ9fQ==@&#8220; button_text=&#8220;Lesen Sie mehr!&#8220; _builder_version=&#8220;4.23&#8243; _dynamic_attributes=&#8220;button_url&#8220; _module_preset=&#8220;default&#8220; global_colors_info=&#8220;{}&#8220;][\/et_pb_button][\/et_pb_column][\/et_pb_row][\/et_pb_section][et_pb_section fb_built=&#8220;1&#8243; _builder_version=&#8220;4.23&#8243; _module_preset=&#8220;default&#8220; background_color=&#8220;RGBA(255,255,255,0)&#8220; animation_style=&#8220;fade&#8220; global_colors_info=&#8220;{}&#8220;][et_pb_row column_structure=&#8220;1_3,1_3,1_3&#8243; _builder_version=&#8220;4.22.2&#8243; _module_preset=&#8220;default&#8220; global_colors_info=&#8220;{}&#8220;][et_pb_column type=&#8220;1_3&#8243; _builder_version=&#8220;4.22.2&#8243; _module_preset=&#8220;default&#8220; global_colors_info=&#8220;{}&#8220;][et_pb_image src=&#8220;https:\/\/artofgolf.eu\/wp-content\/uploads\/golf-course-construction-planning.jpg&#8220; alt=&#8220;Bau von Golfpl\u00e4tzen&#8220; title_text=&#8220;Golfplatz-Bauplanung&#8220; _builder_version=&#8220;4.24.0&#8243; _module_preset=&#8220;default&#8220; global_colors_info=&#8220;{}&#8220;][\/et_pb_image][\/et_pb_column][et_pb_column type=&#8220;1_3&#8243; _builder_version=&#8220;4.22.2&#8243; _module_preset=&#8220;default&#8220; global_colors_info=&#8220;{}&#8220;][et_pb_image src=&#8220;https:\/\/artofgolf.eu\/wp-content\/uploads\/golf-course-conception.jpg&#8220; alt=&#8220;Planung und Beratung von Golfanlagen&#8220; title_text=&#8220;Golfplatz-Konzeption&#8220; _builder_version=&#8220;4.24.0&#8243; _module_preset=&#8220;default&#8220; global_colors_info=&#8220;{}&#8220;][\/et_pb_image][\/et_pb_column][et_pb_column type=&#8220;1_3&#8243; _builder_version=&#8220;4.22.2&#8243; _module_preset=&#8220;default&#8220; global_colors_info=&#8220;{}&#8220;][et_pb_image src=&#8220;https:\/\/artofgolf.eu\/wp-content\/uploads\/golf-course-maintenance.jpg&#8220; alt=&#8220;Instandhaltung von Golfpl\u00e4tzen&#8220; title_text=&#8220;Wartung des Golfplatzes&#8220; _builder_version=&#8220;4.24.0&#8243; _module_preset=&#8220;default&#8220; global_colors_info=&#8220;{}&#8220;][\/et_pb_image][\/et_pb_column][\/et_pb_row][\/et_pb_section][et_pb_section fb_built=&#8220;1&#8243; _builder_version=&#8220;4.23&#8243; _module_preset=&#8220;default&#8220; background_image=&#8220;https:\/\/artofgolf.eu\/wp-content\/uploads\/parallax.jpg&#8220; height=&#8220;80vh&#8220; global_colors_info=&#8220;{}&#8220;][\/et_pb_section]<\/p>\n","protected":false},"excerpt":{"rendered":"<p>The Art of GolfBeratung\u00a0 |\u00a0 Bauwesen\u00a0 |\u00a0 Reisen &amp; Golf\u00a0 |\u00a0 Kunstwerke des GolfsportsBeratung &amp;Verwaltung Die Verwaltung eines Golfplatzes umfasst die \u00dcberwachung verschiedener Aspekte, um einen reibungslosen Betrieb und ein optimales Erlebnis f\u00fcr Golfer zu gew\u00e4hrleisten. Diese facettenreiche Rolle erfordert eine Kombination aus Gesch\u00e4ftssinn, Gartenbauwissen, Kundendienstf\u00e4higkeiten und einer Leidenschaft f\u00fcr das Spiel. Hier ein kurzer [&hellip;]<\/p>\n","protected":false},"author":1,"featured_media":0,"parent":0,"menu_order":0,"comment_status":"closed","ping_status":"closed","template":"","meta":{"_et_pb_use_builder":"on","_et_pb_old_content":"","_et_gb_content_width":"","footnotes":""},"class_list":["post-786","page","type-page","status-publish","hentry"],"yoast_head":"<!-- This site is optimized with the Yoast SEO plugin v27.6 - https:\/\/yoast.com\/product\/yoast-seo-wordpress\/ -->\n<title>Startseite - The Art of Golf, Flintsbach, Germany<\/title>\n<meta name=\"description\" content=\"Die Verwaltung eines Golfplatzes umfasst die \u00dcberwachung verschiedener Aspekte, um einen reibungslosen Betrieb und ein optimales Erlebnis f\u00fcr Golfer zu gew\u00e4hrleisten.\" \/>\n<meta name=\"robots\" content=\"index, follow, max-snippet:-1, max-image-preview:large, max-video-preview:-1\" \/>\n<link rel=\"canonical\" href=\"https:\/\/artofgolf.eu\/de\/\" \/>\n<meta property=\"og:locale\" content=\"de_DE\" \/>\n<meta property=\"og:type\" content=\"article\" \/>\n<meta property=\"og:title\" content=\"Startseite - The Art of Golf, Flintsbach, Germany\" \/>\n<meta property=\"og:description\" content=\"Die Verwaltung eines Golfplatzes umfasst die \u00dcberwachung verschiedener Aspekte, um einen reibungslosen Betrieb und ein optimales Erlebnis f\u00fcr Golfer zu gew\u00e4hrleisten.\" \/>\n<meta property=\"og:url\" content=\"https:\/\/artofgolf.eu\/de\/\" \/>\n<meta property=\"og:site_name\" content=\"The Art of Golf, Flintsbach, Germany\" \/>\n<meta property=\"article:modified_time\" content=\"2024-02-20T09:47:47+00:00\" \/>\n<meta name=\"twitter:card\" content=\"summary_large_image\" \/>\n<meta name=\"twitter:label1\" content=\"Gesch\u00e4tzte Lesezeit\" \/>\n\t<meta name=\"twitter:data1\" content=\"4\u00a0Minuten\" \/>\n<script type=\"application\/ld+json\" class=\"yoast-schema-graph\">{\"@context\":\"https:\\\/\\\/schema.org\",\"@graph\":[{\"@type\":\"WebPage\",\"@id\":\"https:\\\/\\\/artofgolf.eu\\\/de\\\/\",\"url\":\"https:\\\/\\\/artofgolf.eu\\\/de\\\/\",\"name\":\"Startseite - The Art of Golf, Flintsbach, Germany\",\"isPartOf\":{\"@id\":\"https:\\\/\\\/artofgolf.eu\\\/de\\\/#website\"},\"datePublished\":\"2023-10-26T13:15:22+00:00\",\"dateModified\":\"2024-02-20T09:47:47+00:00\",\"description\":\"Die Verwaltung eines Golfplatzes umfasst die \u00dcberwachung verschiedener Aspekte, um einen reibungslosen Betrieb und ein optimales Erlebnis f\u00fcr Golfer zu gew\u00e4hrleisten.\",\"breadcrumb\":{\"@id\":\"https:\\\/\\\/artofgolf.eu\\\/de\\\/#breadcrumb\"},\"inLanguage\":\"de\",\"potentialAction\":[{\"@type\":\"ReadAction\",\"target\":[\"https:\\\/\\\/artofgolf.eu\\\/de\\\/\"]}]},{\"@type\":\"BreadcrumbList\",\"@id\":\"https:\\\/\\\/artofgolf.eu\\\/de\\\/#breadcrumb\",\"itemListElement\":[{\"@type\":\"ListItem\",\"position\":1,\"name\":\"Startseite\",\"item\":\"https:\\\/\\\/artofgolf.eu\\\/de\\\/\"},{\"@type\":\"ListItem\",\"position\":2,\"name\":\"Startseite\"}]},{\"@type\":\"WebSite\",\"@id\":\"https:\\\/\\\/artofgolf.eu\\\/de\\\/#website\",\"url\":\"https:\\\/\\\/artofgolf.eu\\\/de\\\/\",\"name\":\"The Art of Golf, Flintsbach, Germany\",\"description\":\"\",\"potentialAction\":[{\"@type\":\"SearchAction\",\"target\":{\"@type\":\"EntryPoint\",\"urlTemplate\":\"https:\\\/\\\/artofgolf.eu\\\/de\\\/?s={search_term_string}\"},\"query-input\":{\"@type\":\"PropertyValueSpecification\",\"valueRequired\":true,\"valueName\":\"search_term_string\"}}],\"inLanguage\":\"de\"}]}<\/script>\n<!-- \/ Yoast SEO plugin. -->","yoast_head_json":{"title":"Startseite - The Art of Golf, Flintsbach, Germany","description":"Die Verwaltung eines Golfplatzes umfasst die \u00dcberwachung verschiedener Aspekte, um einen reibungslosen Betrieb und ein optimales Erlebnis f\u00fcr Golfer zu gew\u00e4hrleisten.","robots":{"index":"index","follow":"follow","max-snippet":"max-snippet:-1","max-image-preview":"max-image-preview:large","max-video-preview":"max-video-preview:-1"},"canonical":"https:\/\/artofgolf.eu\/de\/","og_locale":"de_DE","og_type":"article","og_title":"Startseite - The Art of Golf, Flintsbach, Germany","og_description":"Die Verwaltung eines Golfplatzes umfasst die \u00dcberwachung verschiedener Aspekte, um einen reibungslosen Betrieb und ein optimales Erlebnis f\u00fcr Golfer zu gew\u00e4hrleisten.","og_url":"https:\/\/artofgolf.eu\/de\/","og_site_name":"The Art of Golf, Flintsbach, Germany","article_modified_time":"2024-02-20T09:47:47+00:00","twitter_card":"summary_large_image","twitter_misc":{"Gesch\u00e4tzte Lesezeit":"4\u00a0Minuten"},"schema":{"@context":"https:\/\/schema.org","@graph":[{"@type":"WebPage","@id":"https:\/\/artofgolf.eu\/de\/","url":"https:\/\/artofgolf.eu\/de\/","name":"Startseite - The Art of Golf, Flintsbach, Germany","isPartOf":{"@id":"https:\/\/artofgolf.eu\/de\/#website"},"datePublished":"2023-10-26T13:15:22+00:00","dateModified":"2024-02-20T09:47:47+00:00","description":"Die Verwaltung eines Golfplatzes umfasst die \u00dcberwachung verschiedener Aspekte, um einen reibungslosen Betrieb und ein optimales Erlebnis f\u00fcr Golfer zu gew\u00e4hrleisten.","breadcrumb":{"@id":"https:\/\/artofgolf.eu\/de\/#breadcrumb"},"inLanguage":"de","potentialAction":[{"@type":"ReadAction","target":["https:\/\/artofgolf.eu\/de\/"]}]},{"@type":"BreadcrumbList","@id":"https:\/\/artofgolf.eu\/de\/#breadcrumb","itemListElement":[{"@type":"ListItem","position":1,"name":"Startseite","item":"https:\/\/artofgolf.eu\/de\/"},{"@type":"ListItem","position":2,"name":"Startseite"}]},{"@type":"WebSite","@id":"https:\/\/artofgolf.eu\/de\/#website","url":"https:\/\/artofgolf.eu\/de\/","name":"The Art of Golf, Flintsbach, Germany","description":"","potentialAction":[{"@type":"SearchAction","target":{"@type":"EntryPoint","urlTemplate":"https:\/\/artofgolf.eu\/de\/?s={search_term_string}"},"query-input":{"@type":"PropertyValueSpecification","valueRequired":true,"valueName":"search_term_string"}}],"inLanguage":"de"}]}},"_links":{"self":[{"href":"https:\/\/artofgolf.eu\/de\/wp-json\/wp\/v2\/pages\/786","targetHints":{"allow":["GET"]}}],"collection":[{"href":"https:\/\/artofgolf.eu\/de\/wp-json\/wp\/v2\/pages"}],"about":[{"href":"https:\/\/artofgolf.eu\/de\/wp-json\/wp\/v2\/types\/page"}],"author":[{"embeddable":true,"href":"https:\/\/artofgolf.eu\/de\/wp-json\/wp\/v2\/users\/1"}],"replies":[{"embeddable":true,"href":"https:\/\/artofgolf.eu\/de\/wp-json\/wp\/v2\/comments?post=786"}],"version-history":[{"count":10,"href":"https:\/\/artofgolf.eu\/de\/wp-json\/wp\/v2\/pages\/786\/revisions"}],"predecessor-version":[{"id":1679,"href":"https:\/\/artofgolf.eu\/de\/wp-json\/wp\/v2\/pages\/786\/revisions\/1679"}],"wp:attachment":[{"href":"https:\/\/artofgolf.eu\/de\/wp-json\/wp\/v2\/media?parent=786"}],"curies":[{"name":"wp","href":"https:\/\/api.w.org\/{rel}","templated":true}]}}