{"id":808,"date":"2023-10-26T15:19:27","date_gmt":"2023-10-26T13:19:27","guid":{"rendered":"https:\/\/artofgolf.eu\/consulting-management\/"},"modified":"2024-02-20T10:53:55","modified_gmt":"2024-02-20T09:53:55","slug":"consulting-management","status":"publish","type":"page","link":"https:\/\/artofgolf.eu\/de\/consulting-management\/","title":{"rendered":"Consulting &amp; Management"},"content":{"rendered":"<p>[et_pb_section fb_built=&#8220;1&#8243; _builder_version=&#8220;4.22.2&#8243; _module_preset=&#8220;default&#8220; background_enable_image=&#8220;off&#8220; custom_margin=&#8220;0px|0px|0px|0px|false|false&#8220; custom_padding=&#8220;0px|0px|0px|0px|false|false&#8220; global_colors_info=&#8220;{}&#8220;][et_pb_row module_class=&#8220;headLineContainer&#8220; _builder_version=&#8220;4.22.2&#8243; _module_preset=&#8220;default&#8220; width=&#8220;100%&#8220; max_width=&#8220;100%&#8220; height=&#8220;100vh&#8220; custom_margin=&#8220;0px|0px|0px|0px|false|false&#8220; custom_padding=&#8220;0px|0px|0px|0px|false|false&#8220; global_colors_info=&#8220;{}&#8220;][et_pb_column type=&#8220;4_4&#8243; _builder_version=&#8220;4.22.2&#8243; _module_preset=&#8220;default&#8220; global_colors_info=&#8220;{}&#8220;][et_pb_slider show_pagination=&#8220;off&#8220; _builder_version=&#8220;4.24.0&#8243; _module_preset=&#8220;default&#8220; background_image=&#8220;https:\/\/artofgolf.eu\/wp-content\/uploads\/dundonald8.jpg&#8220; height=&#8220;100vh&#8220; global_colors_info=&#8220;{}&#8220;][et_pb_slide _builder_version=&#8220;4.24.0&#8243; _module_preset=&#8220;default&#8220; background_color=&#8220;#CCCCCC&#8220; background_enable_color=&#8220;on&#8220; background_image=&#8220;https:\/\/artofgolf.eu\/wp-content\/uploads\/art-of-golf2.jpg&#8220; background_enable_image=&#8220;on&#8220; global_colors_info=&#8220;{}&#8220; sticky_transition=&#8220;on&#8220;][\/et_pb_slide][\/et_pb_slider][et_pb_text module_class=&#8220;headLine&#8220; _builder_version=&#8220;4.23&#8243; _module_preset=&#8220;default&#8220; header_text_color=&#8220;#FFFFFF&#8220; global_colors_info=&#8220;{}&#8220;]<\/p>\n<h1 style=\"text-align: center;\">Consulting &amp; Management<br \/><strong>The Art of Golf<br \/><\/strong><\/h1>\n<p>[\/et_pb_text][\/et_pb_column][\/et_pb_row][\/et_pb_section][et_pb_section fb_built=&#8220;1&#8243; _builder_version=&#8220;4.23.1&#8243; _module_preset=&#8220;default&#8220; custom_margin=&#8220;||0px||false|false&#8220; custom_padding=&#8220;||0px||false|false&#8220; global_colors_info=&#8220;{}&#8220;][et_pb_row column_structure=&#8220;2_5,3_5&#8243; _builder_version=&#8220;4.22.2&#8243; _module_preset=&#8220;default&#8220; global_colors_info=&#8220;{}&#8220;][et_pb_column type=&#8220;2_5&#8243; _builder_version=&#8220;4.22.2&#8243; _module_preset=&#8220;default&#8220; global_colors_info=&#8220;{}&#8220;][et_pb_text module_class=&#8220;squareList&#8220; _builder_version=&#8220;4.24.1&#8243; _module_preset=&#8220;default&#8220; global_colors_info=&#8220;{}&#8220;]<\/p>\n<h2>Unsere Verantwortlichkeiten im \u00dcberblick<strong><br \/><\/strong><\/h2>\n<ul>\n<li>Kurspflege:<\/li>\n<li>Budgetierung und Finanzmanagement:<\/li>\n<li>Kundenservice:<\/li>\n<li>Marketing und Werbung:<\/li>\n<li>Planung von Veranstaltungen:<\/li>\n<li>Einhaltung von Vorschriften:<\/li>\n<li>Pro Shop Management:<\/li>\n<li>Programme f\u00fcr die Mitgliedschaft:<\/li>\n<li>Engagement f\u00fcr die Gemeinschaft:<\/li>\n<li>Kontinuierliche Verbesserung:<\/li>\n<\/ul>\n<p>[\/et_pb_text][\/et_pb_column][et_pb_column type=&#8220;3_5&#8243; _builder_version=&#8220;4.22.2&#8243; _module_preset=&#8220;default&#8220; global_colors_info=&#8220;{}&#8220;][et_pb_image src=&#8220;https:\/\/artofgolf.eu\/wp-content\/uploads\/golf-course-conception.jpg&#8220; alt=&#8220;Unsere wichtigsten Zust\u00e4ndigkeiten &#8211; Management&#8220; title_text=&#8220;Golfplatz-Konzeption&#8220; _builder_version=&#8220;4.24.0&#8243; _module_preset=&#8220;default&#8220; global_colors_info=&#8220;{}&#8220;][\/et_pb_image][\/et_pb_column][\/et_pb_row][\/et_pb_section][et_pb_section fb_built=&#8220;1&#8243; _builder_version=&#8220;4.23&#8243; _module_preset=&#8220;default&#8220; background_color=&#8220;#F7F7F7&#8243; global_colors_info=&#8220;{}&#8220;][et_pb_row column_structure=&#8220;3_5,2_5&#8243; _builder_version=&#8220;4.22.2&#8243; _module_preset=&#8220;default&#8220; global_colors_info=&#8220;{}&#8220;][et_pb_column type=&#8220;3_5&#8243; _builder_version=&#8220;4.22.2&#8243; _module_preset=&#8220;default&#8220; global_colors_info=&#8220;{}&#8220;][et_pb_image src=&#8220;https:\/\/artofgolf.eu\/wp-content\/uploads\/golf-course-planning.jpg&#8220; alt=&#8220;Beratung &#038; Management &#8211; Unsere Hauptaufgaben&#8220; title_text=&#8220;Golfplatz-Planung&#8220; _builder_version=&#8220;4.24.0&#8243; _module_preset=&#8220;default&#8220; global_colors_info=&#8220;{}&#8220;][\/et_pb_image][\/et_pb_column][et_pb_column type=&#8220;2_5&#8243; _builder_version=&#8220;4.22.2&#8243; _module_preset=&#8220;default&#8220; global_colors_info=&#8220;{}&#8220;][et_pb_text _builder_version=&#8220;4.23&#8243; _module_preset=&#8220;default&#8220; global_colors_info=&#8220;{}&#8220;]<\/p>\n<h2>Verwaltung<\/h2>\n<p>Erfolgreiches Golfplatzmanagement erfordert ein Gleichgewicht zwischen der gesch\u00e4ftlichen Seite des Betriebs und der Leidenschaft, ein angenehmes und anspruchsvolles Golferlebnis zu bieten. Anpassungsf\u00e4higkeit, effektive Kommunikation und ein gutes Auge f\u00fcr Details sind wesentliche Eigenschaften f\u00fcr einen Golfplatzmanager.<\/p>\n<p>[\/et_pb_text][\/et_pb_column][\/et_pb_row][\/et_pb_section][et_pb_section fb_built=&#8220;1&#8243; _builder_version=&#8220;4.23&#8243; _module_preset=&#8220;default&#8220; saved_tabs=&#8220;all&#8220; global_colors_info=&#8220;{}&#8220;][et_pb_row column_structure=&#8220;1_4,3_4&#8243; _builder_version=&#8220;4.23&#8243; _module_preset=&#8220;default&#8220; global_colors_info=&#8220;{}&#8220;][et_pb_column type=&#8220;1_4&#8243; _builder_version=&#8220;4.23&#8243; _module_preset=&#8220;default&#8220; global_colors_info=&#8220;{}&#8220;][et_pb_image src=&#8220;https:\/\/artofgolf.eu\/wp-content\/uploads\/derek-brown.jpg&#8220; title_text=&#8220;derek-brown&#8220; _builder_version=&#8220;4.23.4&#8243; _module_preset=&#8220;default&#8220; global_colors_info=&#8220;{}&#8220;][\/et_pb_image][\/et_pb_column][et_pb_column type=&#8220;3_4&#8243; _builder_version=&#8220;4.23&#8243; _module_preset=&#8220;default&#8220; global_colors_info=&#8220;{}&#8220;][et_pb_toggle title=&#8220;Beratung &#038; Management &#8211; Derek Brown&#8220; icon_color=&#8220;#008140&#8243; module_class=&#8220;squareList&#8220; _builder_version=&#8220;4.24.1&#8243; _module_preset=&#8220;default&#8220; hover_enabled=&#8220;0&#8243; global_colors_info=&#8220;{}&#8220; sticky_enabled=&#8220;0&#8243;]<\/p>\n<p><strong>1968 bis 1983<\/strong><br \/>PGA-Profi im Gleneagles Hotel Resort, Schottland<\/p>\n<ul>\n<li>Betreuung aller Golfdienstleistungen f\u00fcr Mitglieder und Besucher von Gleneagles aus der ganzen Welt und insbesondere aus den USA<\/li>\n<\/ul>\n<p><strong>1983 bis 1991<\/strong><\/p>\n<ul>\n<li>PGA-Profi im Golfclub Valderrama, Sotogrande, Spanien<br \/>Hilfe f\u00fcr Jaime Ortiz Patino<br \/>Aufbau und Gestaltung des Golfclubs Valderrama von seinen Anf\u00e4ngen im Jahr 1983 bis zum Jahr 1991<\/li>\n<\/ul>\n<p><strong>1991 bis 1995<\/strong><br \/>Direktor von Gleneagles Golf Developments, Schottland<\/p>\n<ul>\n<li>Gr\u00fcndung von Gleneagles Golf Developments, um die Marke Gleneagles Golf auf den globalen Golfmarkt zu bringen und Gleneagles dabei zu helfen, eines Tages den Ryder Cup und andere internationale Golfveranstaltungen zu erhalten.<\/li>\n<\/ul>\n<p><strong>1991 bis 1995<\/strong><br \/>General Manager des 5-Sterne-Atalaya Golf &amp; Country Club in Marbella mit seinem 400-Zimmer-Hotel und seinen 2 x 18-Loch-Golfpl\u00e4tzen<\/p>\n<ul>\n<li>Durch die Umgestaltung und Neuanlage beider Pl\u00e4tze konnten ich und mein Team den Atalaya Golf &amp; Country Club und seine alten und neuen Pl\u00e4tze erfolgreich auf dem europ\u00e4ischen Markt vermarkten.<\/li>\n<li>Nach einem Netto-Betriebsverlust von 150.000 US-Dollar im Jahr 1995 haben wir 1999 einen Netto-Betriebsgewinn von 920.000 US-Dollar erzielt.<\/li>\n<li>W\u00e4hrend meiner Amtszeit war das Atalaya der Sitz der PGA of Europe und des Deutschen Golfverbandes.<\/li>\n<\/ul>\n<p><strong>1999 bis 2001<\/strong><\/p>\n<ul>\n<li>Generaldirektor des legend\u00e4ren Golfplatzes Monte Mayor in Benahavis, Marbella, Spanien<\/li>\n<li>Mit meinem Team haben wir alle Aspekte und die Qualit\u00e4t dieser einzigartigen Bergstrecke verbessert<\/li>\n<li>Mit gutem kurzfristigem Marketing w\u00e4hrend meiner 18 Monate dort haben wir einen Nettobetriebsgewinn von 140.000 US-Dollar erzielt.<\/li>\n<\/ul>\n<p><strong>2001 bis 2013 <\/strong><br \/>Generaldirektor des Golfclubs Valderrama, Sotogrande, Spanien<\/p>\n<ul>\n<li>Der Valderrama Golf Club unter der Leitung von Jaime Ortiz Patino erreichte 18 Volvo Masters Championships,<\/li>\n<li>2 Amex World Championship Events, 1999 von Tiger Woods und 2000 vom kanadischen Linksh\u00e4nder Mike Weir gewonnen&#8230; und nat\u00fcrlich der unvergessliche Ryder Cup von 1997 mit Kapit\u00e4n Eve Ballesteros und seinem gro\u00dfartigen Team.<\/li>\n<li>Zwischen 1991 und 2001 war ich Mitglied der Gesch\u00e4ftsf\u00fchrung von Valderrama.<\/li>\n<li>Im Jahr 2001 wurde ich von Herrn Ortiz Patino eingeladen, als General Manager zur\u00fcckzukehren.<\/li>\n<li>Das war das Leben eines Traums, und ich habe Herrn Ortiz Patino geholfen, seinen Traum zu verwirklichen. Er ging in den Ruhestand und ist leider verstorben.<br \/><em>Es war das Ende einer \u00c4ra. <\/em>F\u00fcr mich und das gesamte Valderrama-Team war es eine unglaubliche Erfahrung, und f\u00fcr mich war es an der Zeit, etwas anderes im Golfsport zu machen.<\/li>\n<\/ul>\n<p>Seitdem bin ich aktiv in der Golfberatung t\u00e4tig&#8230;.<\/p>\n<ul>\n<li>Im Jahr 2006 wurde ich mit dem PGA of Europe 5 Star Pro Award ausgezeichnet und bin seit 50 Jahren Mitglied der PGA.<\/li>\n<li>Ich bin auch Mitglied der CMAA Club Managers Association of America.<\/li>\n<li>Ich bin auch Mitglied des Gremiums der Platinum Clubs of the World.<\/li>\n<\/ul>\n<p><em><strong>&#8222;Das Leben und der Golfsport sind ein Gesch\u00e4ft f\u00fcr Menschen&#8220;<\/strong><\/em><\/p>\n<p>[\/et_pb_toggle][\/et_pb_column][\/et_pb_row][\/et_pb_section][et_pb_section fb_built=&#8220;1&#8243; _builder_version=&#8220;4.23&#8243; _module_preset=&#8220;default&#8220; background_image=&#8220;https:\/\/artofgolf.eu\/wp-content\/uploads\/dundonald7.jpg&#8220; height=&#8220;80vh&#8220; global_colors_info=&#8220;{}&#8220;][\/et_pb_section]<\/p>\n","protected":false},"excerpt":{"rendered":"<p>Consulting &amp; ManagementThe Art of GolfUnsere Verantwortlichkeiten im \u00dcberblick Kurspflege: Budgetierung und Finanzmanagement: Kundenservice: Marketing und Werbung: Planung von Veranstaltungen: Einhaltung von Vorschriften: Pro Shop Management: Programme f\u00fcr die Mitgliedschaft: Engagement f\u00fcr die Gemeinschaft: Kontinuierliche Verbesserung: Verwaltung Erfolgreiches Golfplatzmanagement erfordert ein Gleichgewicht zwischen der gesch\u00e4ftlichen Seite des Betriebs und der Leidenschaft, ein angenehmes und anspruchsvolles [&hellip;]<\/p>\n","protected":false},"author":1,"featured_media":0,"parent":0,"menu_order":0,"comment_status":"closed","ping_status":"closed","template":"","meta":{"_et_pb_use_builder":"on","_et_pb_old_content":"","_et_gb_content_width":"","footnotes":""},"class_list":["post-808","page","type-page","status-publish","hentry"],"yoast_head":"<!-- This site is optimized with the Yoast SEO plugin v27.6 - https:\/\/yoast.com\/product\/yoast-seo-wordpress\/ -->\n<title>Consulting &amp; Management - The Art of Golf, Flintsbach, Germany<\/title>\n<meta name=\"description\" content=\"Unsere Hauptaufgaben \u2713 Kurspflege \u2713 Budgetierung und Finanzmanagement \u2713 Kundenservice \u2713 Marketing und Werbung\" \/>\n<meta name=\"robots\" content=\"index, follow, max-snippet:-1, max-image-preview:large, max-video-preview:-1\" \/>\n<link rel=\"canonical\" href=\"https:\/\/artofgolf.eu\/de\/consulting-management\/\" \/>\n<meta property=\"og:locale\" content=\"de_DE\" \/>\n<meta property=\"og:type\" content=\"article\" \/>\n<meta property=\"og:title\" content=\"Consulting &amp; Management - The Art of Golf, Flintsbach, Germany\" \/>\n<meta property=\"og:description\" content=\"Unsere Hauptaufgaben \u2713 Kurspflege \u2713 Budgetierung und Finanzmanagement \u2713 Kundenservice \u2713 Marketing und Werbung\" \/>\n<meta property=\"og:url\" content=\"https:\/\/artofgolf.eu\/de\/consulting-management\/\" \/>\n<meta property=\"og:site_name\" content=\"The Art of Golf, Flintsbach, Germany\" \/>\n<meta property=\"article:modified_time\" content=\"2024-02-20T09:53:55+00:00\" \/>\n<meta name=\"twitter:card\" content=\"summary_large_image\" \/>\n<meta name=\"twitter:label1\" content=\"Gesch\u00e4tzte Lesezeit\" \/>\n\t<meta name=\"twitter:data1\" content=\"3\u00a0Minuten\" \/>\n<script type=\"application\/ld+json\" class=\"yoast-schema-graph\">{\"@context\":\"https:\\\/\\\/schema.org\",\"@graph\":[{\"@type\":\"WebPage\",\"@id\":\"https:\\\/\\\/artofgolf.eu\\\/de\\\/consulting-management\\\/\",\"url\":\"https:\\\/\\\/artofgolf.eu\\\/de\\\/consulting-management\\\/\",\"name\":\"Consulting &amp; Management - The Art of Golf, Flintsbach, Germany\",\"isPartOf\":{\"@id\":\"https:\\\/\\\/artofgolf.eu\\\/de\\\/#website\"},\"datePublished\":\"2023-10-26T13:19:27+00:00\",\"dateModified\":\"2024-02-20T09:53:55+00:00\",\"description\":\"Unsere Hauptaufgaben \u2713 Kurspflege \u2713 Budgetierung und Finanzmanagement \u2713 Kundenservice \u2713 Marketing und Werbung\",\"breadcrumb\":{\"@id\":\"https:\\\/\\\/artofgolf.eu\\\/de\\\/consulting-management\\\/#breadcrumb\"},\"inLanguage\":\"de\",\"potentialAction\":[{\"@type\":\"ReadAction\",\"target\":[\"https:\\\/\\\/artofgolf.eu\\\/de\\\/consulting-management\\\/\"]}]},{\"@type\":\"BreadcrumbList\",\"@id\":\"https:\\\/\\\/artofgolf.eu\\\/de\\\/consulting-management\\\/#breadcrumb\",\"itemListElement\":[{\"@type\":\"ListItem\",\"position\":1,\"name\":\"Startseite\",\"item\":\"https:\\\/\\\/artofgolf.eu\\\/de\\\/\"},{\"@type\":\"ListItem\",\"position\":2,\"name\":\"Consulting &amp; Management\"}]},{\"@type\":\"WebSite\",\"@id\":\"https:\\\/\\\/artofgolf.eu\\\/de\\\/#website\",\"url\":\"https:\\\/\\\/artofgolf.eu\\\/de\\\/\",\"name\":\"The Art of Golf, Flintsbach, Germany\",\"description\":\"\",\"potentialAction\":[{\"@type\":\"SearchAction\",\"target\":{\"@type\":\"EntryPoint\",\"urlTemplate\":\"https:\\\/\\\/artofgolf.eu\\\/de\\\/?s={search_term_string}\"},\"query-input\":{\"@type\":\"PropertyValueSpecification\",\"valueRequired\":true,\"valueName\":\"search_term_string\"}}],\"inLanguage\":\"de\"}]}<\/script>\n<!-- \/ Yoast SEO plugin. -->","yoast_head_json":{"title":"Consulting &amp; Management - The Art of Golf, Flintsbach, Germany","description":"Unsere Hauptaufgaben \u2713 Kurspflege \u2713 Budgetierung und Finanzmanagement \u2713 Kundenservice \u2713 Marketing und Werbung","robots":{"index":"index","follow":"follow","max-snippet":"max-snippet:-1","max-image-preview":"max-image-preview:large","max-video-preview":"max-video-preview:-1"},"canonical":"https:\/\/artofgolf.eu\/de\/consulting-management\/","og_locale":"de_DE","og_type":"article","og_title":"Consulting &amp; Management - The Art of Golf, Flintsbach, Germany","og_description":"Unsere Hauptaufgaben \u2713 Kurspflege \u2713 Budgetierung und Finanzmanagement \u2713 Kundenservice \u2713 Marketing und Werbung","og_url":"https:\/\/artofgolf.eu\/de\/consulting-management\/","og_site_name":"The Art of Golf, Flintsbach, Germany","article_modified_time":"2024-02-20T09:53:55+00:00","twitter_card":"summary_large_image","twitter_misc":{"Gesch\u00e4tzte Lesezeit":"3\u00a0Minuten"},"schema":{"@context":"https:\/\/schema.org","@graph":[{"@type":"WebPage","@id":"https:\/\/artofgolf.eu\/de\/consulting-management\/","url":"https:\/\/artofgolf.eu\/de\/consulting-management\/","name":"Consulting &amp; Management - The Art of Golf, Flintsbach, Germany","isPartOf":{"@id":"https:\/\/artofgolf.eu\/de\/#website"},"datePublished":"2023-10-26T13:19:27+00:00","dateModified":"2024-02-20T09:53:55+00:00","description":"Unsere Hauptaufgaben \u2713 Kurspflege \u2713 Budgetierung und Finanzmanagement \u2713 Kundenservice \u2713 Marketing und Werbung","breadcrumb":{"@id":"https:\/\/artofgolf.eu\/de\/consulting-management\/#breadcrumb"},"inLanguage":"de","potentialAction":[{"@type":"ReadAction","target":["https:\/\/artofgolf.eu\/de\/consulting-management\/"]}]},{"@type":"BreadcrumbList","@id":"https:\/\/artofgolf.eu\/de\/consulting-management\/#breadcrumb","itemListElement":[{"@type":"ListItem","position":1,"name":"Startseite","item":"https:\/\/artofgolf.eu\/de\/"},{"@type":"ListItem","position":2,"name":"Consulting &amp; Management"}]},{"@type":"WebSite","@id":"https:\/\/artofgolf.eu\/de\/#website","url":"https:\/\/artofgolf.eu\/de\/","name":"The Art of Golf, Flintsbach, Germany","description":"","potentialAction":[{"@type":"SearchAction","target":{"@type":"EntryPoint","urlTemplate":"https:\/\/artofgolf.eu\/de\/?s={search_term_string}"},"query-input":{"@type":"PropertyValueSpecification","valueRequired":true,"valueName":"search_term_string"}}],"inLanguage":"de"}]}},"_links":{"self":[{"href":"https:\/\/artofgolf.eu\/de\/wp-json\/wp\/v2\/pages\/808","targetHints":{"allow":["GET"]}}],"collection":[{"href":"https:\/\/artofgolf.eu\/de\/wp-json\/wp\/v2\/pages"}],"about":[{"href":"https:\/\/artofgolf.eu\/de\/wp-json\/wp\/v2\/types\/page"}],"author":[{"embeddable":true,"href":"https:\/\/artofgolf.eu\/de\/wp-json\/wp\/v2\/users\/1"}],"replies":[{"embeddable":true,"href":"https:\/\/artofgolf.eu\/de\/wp-json\/wp\/v2\/comments?post=808"}],"version-history":[{"count":10,"href":"https:\/\/artofgolf.eu\/de\/wp-json\/wp\/v2\/pages\/808\/revisions"}],"predecessor-version":[{"id":1688,"href":"https:\/\/artofgolf.eu\/de\/wp-json\/wp\/v2\/pages\/808\/revisions\/1688"}],"wp:attachment":[{"href":"https:\/\/artofgolf.eu\/de\/wp-json\/wp\/v2\/media?parent=808"}],"curies":[{"name":"wp","href":"https:\/\/api.w.org\/{rel}","templated":true}]}}