{"id":814,"date":"2023-10-26T15:21:06","date_gmt":"2023-10-26T13:21:06","guid":{"rendered":"https:\/\/artofgolf.eu\/golf-art\/"},"modified":"2024-02-12T16:29:59","modified_gmt":"2024-02-12T15:29:59","slug":"golf-art","status":"publish","type":"page","link":"https:\/\/artofgolf.eu\/de\/golf-art\/","title":{"rendered":"Britisch Open"},"content":{"rendered":"<p>[et_pb_section fb_built=&#8220;1&#8243; _builder_version=&#8220;4.22.2&#8243; _module_preset=&#8220;default&#8220; background_enable_image=&#8220;off&#8220; custom_margin=&#8220;0px|0px|0px|0px|false|false&#8220; custom_padding=&#8220;0px|0px|0px|0px|false|false&#8220; global_colors_info=&#8220;{}&#8220;][et_pb_row module_class=&#8220;headLineContainer&#8220; _builder_version=&#8220;4.22.2&#8243; _module_preset=&#8220;default&#8220; width=&#8220;100%&#8220; max_width=&#8220;100%&#8220; height=&#8220;100vh&#8220; custom_margin=&#8220;0px|0px|0px|0px|false|false&#8220; custom_padding=&#8220;0px|0px|0px|0px|false|false&#8220; global_colors_info=&#8220;{}&#8220;][et_pb_column type=&#8220;4_4&#8243; _builder_version=&#8220;4.22.2&#8243; _module_preset=&#8220;default&#8220; global_colors_info=&#8220;{}&#8220;][et_pb_slider show_pagination=&#8220;off&#8220; _builder_version=&#8220;4.23&#8243; _module_preset=&#8220;default&#8220; height=&#8220;100vh&#8220; global_colors_info=&#8220;{}&#8220;][et_pb_slide _builder_version=&#8220;4.23&#8243; _module_preset=&#8220;default&#8220; background_color=&#8220;#CCCCCC&#8220; background_enable_color=&#8220;on&#8220; background_image=&#8220;https:\/\/artofgolf.eu\/wp-content\/uploads\/dundonald4.jpg&#8220; background_enable_image=&#8220;on&#8220; global_colors_info=&#8220;{}&#8220; sticky_transition=&#8220;on&#8220;][\/et_pb_slide][\/et_pb_slider][et_pb_text module_class=&#8220;headLine&#8220; _builder_version=&#8220;4.23&#8243; _module_preset=&#8220;default&#8220; header_text_color=&#8220;#FFFFFF&#8220; global_colors_info=&#8220;{}&#8220;]<\/p>\n<h1 style=\"text-align: center;\">Kunstwerke des Golfsports<br \/><strong>Die Kunst des Golfspiels<\/strong><\/h1>\n<p>[\/et_pb_text][\/et_pb_column][\/et_pb_row][\/et_pb_section][et_pb_section fb_built=&#8220;1&#8243; _builder_version=&#8220;4.22.2&#8243; _module_preset=&#8220;default&#8220; global_colors_info=&#8220;{}&#8220;][et_pb_row column_structure=&#8220;1_2,1_2&#8243; _builder_version=&#8220;4.22.2&#8243; _module_preset=&#8220;default&#8220; global_colors_info=&#8220;{}&#8220;][et_pb_column type=&#8220;1_2&#8243; _builder_version=&#8220;4.22.2&#8243; _module_preset=&#8220;default&#8220; global_colors_info=&#8220;{}&#8220;][et_pb_text _builder_version=&#8220;4.23&#8243; _module_preset=&#8220;default&#8220; global_colors_info=&#8220;{}&#8220;]<\/p>\n<h2>British Open Kollektion  <br \/>mit passenden Nummern<\/h2>\n<p>[\/et_pb_text][\/et_pb_column][et_pb_column type=&#8220;1_2&#8243; _builder_version=&#8220;4.22.2&#8243; _module_preset=&#8220;default&#8220; global_colors_info=&#8220;{}&#8220;][\/et_pb_column][\/et_pb_row][et_pb_row column_structure=&#8220;1_2,1_2&#8243; _builder_version=&#8220;4.22.2&#8243; _module_preset=&#8220;default&#8220; global_colors_info=&#8220;{}&#8220;][et_pb_column type=&#8220;1_2&#8243; _builder_version=&#8220;4.22.2&#8243; _module_preset=&#8220;default&#8220; global_colors_info=&#8220;{}&#8220;][et_pb_text _builder_version=&#8220;4.23&#8243; _module_preset=&#8220;default&#8220; global_colors_info=&#8220;{}&#8220;]<\/p>\n<p>Gem\u00e4lde, die das Wesen der British Open, einer der prestigetr\u00e4chtigsten Golfmeisterschaften, einfangen, sind von einer einzigartigen Mischung aus Tradition und sportlicher Dramatik durchdrungen. K\u00fcnstler, die sich der Aufgabe stellen, die British Open in ihren Werken darzustellen, vermitteln oft die unverwechselbaren Links-Courses, die unberechenbaren Wetterbedingungen und die ikonischen Momente, die dieses historische Turnier ausmachen. Die Pinselstriche scheinen das Echo von Golflegenden widerzuspiegeln, die auf den anspruchsvollen Landschaften von St. Andrews, Royal St. George&#8217;s oder anderen ber\u00fchmten Pl\u00e4tzen unterwegs waren. Diese Bilder frieren nicht nur Momente intensiver Wettk\u00e4mpfe ein, sondern zeigen auch die zeitlose Anziehungskraft der British Open, in denen die reiche Geschichte des Sports mit der sich st\u00e4ndig ver\u00e4ndernden Geschichte jedes Turniers zusammenflie\u00dft. Die Kunstfertigkeit hinter diesen Gem\u00e4lden f\u00e4ngt den Geist und den Charakter der Meisterschaft ein und macht sie zu einem fesselnden visuellen Fest f\u00fcr Golfliebhaber und Bewunderer des historischen Erbes des Spiels.<\/p>\n<p>[\/et_pb_text][\/et_pb_column][et_pb_column type=&#8220;1_2&#8243; _builder_version=&#8220;4.22.2&#8243; _module_preset=&#8220;default&#8220; global_colors_info=&#8220;{}&#8220;][et_pb_image src=&#8220;https:\/\/artofgolf.eu\/wp-content\/uploads\/painting6.jpg&#8220; alt=&#8220;Golf Kunstwerke &#8211; Die British Open&#8220; title_text=&#8220;Golf Kunstwerke &#8211; Die British Open&#8220; _builder_version=&#8220;4.23.4&#8243; _module_preset=&#8220;default&#8220; global_colors_info=&#8220;{}&#8220;][\/et_pb_image][\/et_pb_column][\/et_pb_row][et_pb_row column_structure=&#8220;1_3,1_3,1_3&#8243; _builder_version=&#8220;4.23&#8243; _module_preset=&#8220;default&#8220; global_colors_info=&#8220;{}&#8220;][et_pb_column type=&#8220;1_3&#8243; _builder_version=&#8220;4.23&#8243; _module_preset=&#8220;default&#8220; global_colors_info=&#8220;{}&#8220;][et_pb_image src=&#8220;https:\/\/artofgolf.eu\/wp-content\/uploads\/painting10.jpg&#8220; alt=&#8220;Golf Kunstwerke &#8211; Die British Open&#8220; title_text=&#8220;Golf Kunstwerke &#8211; Die British Open&#8220; admin_label=&#8220;Bild&#8220; _builder_version=&#8220;4.23.4&#8243; _module_preset=&#8220;default&#8220; global_colors_info=&#8220;{}&#8220;][\/et_pb_image][et_pb_text disabled_on=&#8220;on|on|on&#8220; _builder_version=&#8220;4.23&#8243; _module_preset=&#8220;default&#8220; disabled=&#8220;on&#8220; global_colors_info=&#8220;{}&#8220;]<\/p>\n<p>Lorem Ipsum &#8211; 1900<\/p>\n<p>[\/et_pb_text][\/et_pb_column][et_pb_column type=&#8220;1_3&#8243; _builder_version=&#8220;4.23&#8243; _module_preset=&#8220;default&#8220; global_colors_info=&#8220;{}&#8220;][et_pb_image src=&#8220;https:\/\/artofgolf.eu\/wp-content\/uploads\/painting9.jpg&#8220; alt=&#8220;Golf Kunstwerke &#8211; Die British Open&#8220; title_text=&#8220;Golf Kunstwerke &#8211; Die British Open&#8220; admin_label=&#8220;Bild&#8220; _builder_version=&#8220;4.23.4&#8243; _module_preset=&#8220;default&#8220; global_colors_info=&#8220;{}&#8220;][\/et_pb_image][et_pb_text disabled_on=&#8220;on|on|on&#8220; _builder_version=&#8220;4.23&#8243; _module_preset=&#8220;default&#8220; disabled=&#8220;on&#8220; global_colors_info=&#8220;{}&#8220;]<\/p>\n<p>Lorem Ipsum &#8211; 1900<\/p>\n<p>[\/et_pb_text][\/et_pb_column][et_pb_column type=&#8220;1_3&#8243; _builder_version=&#8220;4.23&#8243; _module_preset=&#8220;default&#8220; global_colors_info=&#8220;{}&#8220;][et_pb_image src=&#8220;https:\/\/artofgolf.eu\/wp-content\/uploads\/painting8.jpg&#8220; alt=&#8220;Golf Kunstwerke &#8211; Die British Open&#8220; title_text=&#8220;Golf Kunstwerke &#8211; Die British Open&#8220; admin_label=&#8220;Bild&#8220; _builder_version=&#8220;4.23.4&#8243; _module_preset=&#8220;default&#8220; global_colors_info=&#8220;{}&#8220;][\/et_pb_image][et_pb_text disabled_on=&#8220;on|on|on&#8220; _builder_version=&#8220;4.23&#8243; _module_preset=&#8220;default&#8220; disabled=&#8220;on&#8220; global_colors_info=&#8220;{}&#8220;]<\/p>\n<p>Lorem Ipsum &#8211; 1900<\/p>\n<p>[\/et_pb_text][\/et_pb_column][\/et_pb_row][et_pb_row column_structure=&#8220;1_3,1_3,1_3&#8243; _builder_version=&#8220;4.23&#8243; _module_preset=&#8220;default&#8220; global_colors_info=&#8220;{}&#8220;][et_pb_column type=&#8220;1_3&#8243; _builder_version=&#8220;4.23&#8243; _module_preset=&#8220;default&#8220; global_colors_info=&#8220;{}&#8220;][et_pb_image src=&#8220;https:\/\/artofgolf.eu\/wp-content\/uploads\/painting4.jpg&#8220; title_text=&#8220;Golf Kunstwerke &#8211; Die British Open&#8220; admin_label=&#8220;Bild&#8220; _builder_version=&#8220;4.23.4&#8243; _module_preset=&#8220;default&#8220; hover_enabled=&#8220;0&#8243; global_colors_info=&#8220;{}&#8220; alt=&#8220;Golf Kunstwerke &#8211; Die British Open&#8220; sticky_enabled=&#8220;0&#8243;][\/et_pb_image][et_pb_text disabled_on=&#8220;on|on|on&#8220; _builder_version=&#8220;4.23&#8243; _module_preset=&#8220;default&#8220; disabled=&#8220;on&#8220; global_colors_info=&#8220;{}&#8220;]<\/p>\n<p>Lorem Ipsum &#8211; 1900<\/p>\n<p>[\/et_pb_text][\/et_pb_column][et_pb_column type=&#8220;1_3&#8243; _builder_version=&#8220;4.23&#8243; _module_preset=&#8220;default&#8220; global_colors_info=&#8220;{}&#8220;][et_pb_image src=&#8220;https:\/\/artofgolf.eu\/wp-content\/uploads\/painting3.jpg&#8220; alt=&#8220;Golf Kunstwerke &#8211; Die British Open&#8220; title_text=&#8220;Golf Kunstwerke &#8211; Die British Open&#8220; admin_label=&#8220;Bild&#8220; _builder_version=&#8220;4.23.4&#8243; _module_preset=&#8220;default&#8220; global_colors_info=&#8220;{}&#8220;][\/et_pb_image][et_pb_text disabled_on=&#8220;on|on|on&#8220; _builder_version=&#8220;4.23&#8243; _module_preset=&#8220;default&#8220; disabled=&#8220;on&#8220; global_colors_info=&#8220;{}&#8220;]<\/p>\n<p>Lorem Ipsum &#8211; 1900<\/p>\n<p>[\/et_pb_text][\/et_pb_column][et_pb_column type=&#8220;1_3&#8243; _builder_version=&#8220;4.23&#8243; _module_preset=&#8220;default&#8220; global_colors_info=&#8220;{}&#8220;][et_pb_image src=&#8220;https:\/\/artofgolf.eu\/wp-content\/uploads\/painting2.jpg&#8220; alt=&#8220;Golf Kunstwerke &#8211; Die British Open&#8220; title_text=&#8220;Golf Kunstwerke &#8211; Die British Open&#8220; admin_label=&#8220;Bild&#8220; _builder_version=&#8220;4.23.4&#8243; _module_preset=&#8220;default&#8220; global_colors_info=&#8220;{}&#8220;][\/et_pb_image][et_pb_text disabled_on=&#8220;on|on|on&#8220; _builder_version=&#8220;4.23&#8243; _module_preset=&#8220;default&#8220; disabled=&#8220;on&#8220; global_colors_info=&#8220;{}&#8220;]<\/p>\n<p>Lorem Ipsum &#8211; 1900<\/p>\n<p>[\/et_pb_text][\/et_pb_column][\/et_pb_row][et_pb_row column_structure=&#8220;1_3,1_3,1_3&#8243; _builder_version=&#8220;4.23&#8243; _module_preset=&#8220;default&#8220; global_colors_info=&#8220;{}&#8220;][et_pb_column type=&#8220;1_3&#8243; _builder_version=&#8220;4.23&#8243; _module_preset=&#8220;default&#8220; global_colors_info=&#8220;{}&#8220;][et_pb_image src=&#8220;https:\/\/artofgolf.eu\/wp-content\/uploads\/painting1.jpg&#8220; alt=&#8220;Golf Kunstwerke &#8211; Die British Open&#8220; title_text=&#8220;Golf Kunstwerke &#8211; Die British Open&#8220; admin_label=&#8220;Bild&#8220; _builder_version=&#8220;4.23.4&#8243; _module_preset=&#8220;default&#8220; global_colors_info=&#8220;{}&#8220;][\/et_pb_image][et_pb_text disabled_on=&#8220;on|on|on&#8220; _builder_version=&#8220;4.23&#8243; _module_preset=&#8220;default&#8220; disabled=&#8220;on&#8220; global_colors_info=&#8220;{}&#8220;]<\/p>\n<p>Lorem Ipsum &#8211; 1900<\/p>\n<p>[\/et_pb_text][\/et_pb_column][et_pb_column type=&#8220;1_3&#8243; _builder_version=&#8220;4.23&#8243; _module_preset=&#8220;default&#8220; global_colors_info=&#8220;{}&#8220;][et_pb_image src=&#8220;https:\/\/artofgolf.eu\/wp-content\/uploads\/painting4.jpg&#8220; alt=&#8220;Golf Kunstwerke &#8211; Die British Open&#8220; title_text=&#8220;Golf Kunstwerke &#8211; Die British Open&#8220; admin_label=&#8220;Bild&#8220; _builder_version=&#8220;4.23.4&#8243; _module_preset=&#8220;default&#8220; global_colors_info=&#8220;{}&#8220;][\/et_pb_image][et_pb_text disabled_on=&#8220;on|on|on&#8220; _builder_version=&#8220;4.23&#8243; _module_preset=&#8220;default&#8220; disabled=&#8220;on&#8220; global_colors_info=&#8220;{}&#8220;]<\/p>\n<p>Lorem Ipsum &#8211; 1900<\/p>\n<p>[\/et_pb_text][\/et_pb_column][et_pb_column type=&#8220;1_3&#8243; _builder_version=&#8220;4.23&#8243; _module_preset=&#8220;default&#8220; global_colors_info=&#8220;{}&#8220;][\/et_pb_column][\/et_pb_row][\/et_pb_section][et_pb_section fb_built=&#8220;1&#8243; _builder_version=&#8220;4.23&#8243; _module_preset=&#8220;default&#8220; background_image=&#8220;https:\/\/artofgolf.eu\/wp-content\/uploads\/dundonald3.jpg&#8220; height=&#8220;80vh&#8220; global_colors_info=&#8220;{}&#8220;][\/et_pb_section]<\/p>\n","protected":false},"excerpt":{"rendered":"<p>Kunstwerke des GolfsportsDie Kunst des GolfspielsBritish Open Kollektion mit passenden NummernGem\u00e4lde, die das Wesen der British Open, einer der prestigetr\u00e4chtigsten Golfmeisterschaften, einfangen, sind von einer einzigartigen Mischung aus Tradition und sportlicher Dramatik durchdrungen. K\u00fcnstler, die sich der Aufgabe stellen, die British Open in ihren Werken darzustellen, vermitteln oft die unverwechselbaren Links-Courses, die unberechenbaren Wetterbedingungen und [&hellip;]<\/p>\n","protected":false},"author":1,"featured_media":0,"parent":0,"menu_order":0,"comment_status":"closed","ping_status":"closed","template":"","meta":{"_et_pb_use_builder":"on","_et_pb_old_content":"","_et_gb_content_width":"","footnotes":""},"class_list":["post-814","page","type-page","status-publish","hentry"],"yoast_head":"<!-- This site is optimized with the Yoast SEO plugin v27.6 - https:\/\/yoast.com\/product\/yoast-seo-wordpress\/ -->\n<title>Britisch Open - The Art of Golf, Flintsbach, Germany<\/title>\n<meta name=\"description\" content=\"\u2713 Golf Kunstwerke - Die British Open \u260e Kontakt zu Bill Pringle\" \/>\n<meta name=\"robots\" content=\"index, follow, max-snippet:-1, max-image-preview:large, max-video-preview:-1\" \/>\n<link rel=\"canonical\" href=\"https:\/\/artofgolf.eu\/de\/golf-art\/\" \/>\n<meta property=\"og:locale\" content=\"de_DE\" \/>\n<meta property=\"og:type\" content=\"article\" \/>\n<meta property=\"og:title\" content=\"Britisch Open - The Art of Golf, Flintsbach, Germany\" \/>\n<meta property=\"og:description\" content=\"\u2713 Golf Kunstwerke - Die British Open \u260e Kontakt zu Bill Pringle\" \/>\n<meta property=\"og:url\" content=\"https:\/\/artofgolf.eu\/de\/golf-art\/\" \/>\n<meta property=\"og:site_name\" content=\"The Art of Golf, Flintsbach, Germany\" \/>\n<meta property=\"article:modified_time\" content=\"2024-02-12T15:29:59+00:00\" \/>\n<meta name=\"twitter:card\" content=\"summary_large_image\" \/>\n<meta name=\"twitter:label1\" content=\"Gesch\u00e4tzte Lesezeit\" \/>\n\t<meta name=\"twitter:data1\" content=\"6\u00a0Minuten\" \/>\n<script type=\"application\/ld+json\" class=\"yoast-schema-graph\">{\"@context\":\"https:\\\/\\\/schema.org\",\"@graph\":[{\"@type\":\"WebPage\",\"@id\":\"https:\\\/\\\/artofgolf.eu\\\/de\\\/golf-art\\\/\",\"url\":\"https:\\\/\\\/artofgolf.eu\\\/de\\\/golf-art\\\/\",\"name\":\"Britisch Open - The Art of Golf, Flintsbach, Germany\",\"isPartOf\":{\"@id\":\"https:\\\/\\\/artofgolf.eu\\\/de\\\/#website\"},\"datePublished\":\"2023-10-26T13:21:06+00:00\",\"dateModified\":\"2024-02-12T15:29:59+00:00\",\"description\":\"\u2713 Golf Kunstwerke - Die British Open \u260e Kontakt zu Bill Pringle\",\"breadcrumb\":{\"@id\":\"https:\\\/\\\/artofgolf.eu\\\/de\\\/golf-art\\\/#breadcrumb\"},\"inLanguage\":\"de\",\"potentialAction\":[{\"@type\":\"ReadAction\",\"target\":[\"https:\\\/\\\/artofgolf.eu\\\/de\\\/golf-art\\\/\"]}]},{\"@type\":\"BreadcrumbList\",\"@id\":\"https:\\\/\\\/artofgolf.eu\\\/de\\\/golf-art\\\/#breadcrumb\",\"itemListElement\":[{\"@type\":\"ListItem\",\"position\":1,\"name\":\"Startseite\",\"item\":\"https:\\\/\\\/artofgolf.eu\\\/de\\\/\"},{\"@type\":\"ListItem\",\"position\":2,\"name\":\"Britisch Open\"}]},{\"@type\":\"WebSite\",\"@id\":\"https:\\\/\\\/artofgolf.eu\\\/de\\\/#website\",\"url\":\"https:\\\/\\\/artofgolf.eu\\\/de\\\/\",\"name\":\"The Art of Golf, Flintsbach, Germany\",\"description\":\"\",\"potentialAction\":[{\"@type\":\"SearchAction\",\"target\":{\"@type\":\"EntryPoint\",\"urlTemplate\":\"https:\\\/\\\/artofgolf.eu\\\/de\\\/?s={search_term_string}\"},\"query-input\":{\"@type\":\"PropertyValueSpecification\",\"valueRequired\":true,\"valueName\":\"search_term_string\"}}],\"inLanguage\":\"de\"}]}<\/script>\n<!-- \/ Yoast SEO plugin. -->","yoast_head_json":{"title":"Britisch Open - The Art of Golf, Flintsbach, Germany","description":"\u2713 Golf Kunstwerke - Die British Open \u260e Kontakt zu Bill Pringle","robots":{"index":"index","follow":"follow","max-snippet":"max-snippet:-1","max-image-preview":"max-image-preview:large","max-video-preview":"max-video-preview:-1"},"canonical":"https:\/\/artofgolf.eu\/de\/golf-art\/","og_locale":"de_DE","og_type":"article","og_title":"Britisch Open - The Art of Golf, Flintsbach, Germany","og_description":"\u2713 Golf Kunstwerke - Die British Open \u260e Kontakt zu Bill Pringle","og_url":"https:\/\/artofgolf.eu\/de\/golf-art\/","og_site_name":"The Art of Golf, Flintsbach, Germany","article_modified_time":"2024-02-12T15:29:59+00:00","twitter_card":"summary_large_image","twitter_misc":{"Gesch\u00e4tzte Lesezeit":"6\u00a0Minuten"},"schema":{"@context":"https:\/\/schema.org","@graph":[{"@type":"WebPage","@id":"https:\/\/artofgolf.eu\/de\/golf-art\/","url":"https:\/\/artofgolf.eu\/de\/golf-art\/","name":"Britisch Open - The Art of Golf, Flintsbach, Germany","isPartOf":{"@id":"https:\/\/artofgolf.eu\/de\/#website"},"datePublished":"2023-10-26T13:21:06+00:00","dateModified":"2024-02-12T15:29:59+00:00","description":"\u2713 Golf Kunstwerke - Die British Open \u260e Kontakt zu Bill Pringle","breadcrumb":{"@id":"https:\/\/artofgolf.eu\/de\/golf-art\/#breadcrumb"},"inLanguage":"de","potentialAction":[{"@type":"ReadAction","target":["https:\/\/artofgolf.eu\/de\/golf-art\/"]}]},{"@type":"BreadcrumbList","@id":"https:\/\/artofgolf.eu\/de\/golf-art\/#breadcrumb","itemListElement":[{"@type":"ListItem","position":1,"name":"Startseite","item":"https:\/\/artofgolf.eu\/de\/"},{"@type":"ListItem","position":2,"name":"Britisch Open"}]},{"@type":"WebSite","@id":"https:\/\/artofgolf.eu\/de\/#website","url":"https:\/\/artofgolf.eu\/de\/","name":"The Art of Golf, Flintsbach, Germany","description":"","potentialAction":[{"@type":"SearchAction","target":{"@type":"EntryPoint","urlTemplate":"https:\/\/artofgolf.eu\/de\/?s={search_term_string}"},"query-input":{"@type":"PropertyValueSpecification","valueRequired":true,"valueName":"search_term_string"}}],"inLanguage":"de"}]}},"_links":{"self":[{"href":"https:\/\/artofgolf.eu\/de\/wp-json\/wp\/v2\/pages\/814","targetHints":{"allow":["GET"]}}],"collection":[{"href":"https:\/\/artofgolf.eu\/de\/wp-json\/wp\/v2\/pages"}],"about":[{"href":"https:\/\/artofgolf.eu\/de\/wp-json\/wp\/v2\/types\/page"}],"author":[{"embeddable":true,"href":"https:\/\/artofgolf.eu\/de\/wp-json\/wp\/v2\/users\/1"}],"replies":[{"embeddable":true,"href":"https:\/\/artofgolf.eu\/de\/wp-json\/wp\/v2\/comments?post=814"}],"version-history":[{"count":7,"href":"https:\/\/artofgolf.eu\/de\/wp-json\/wp\/v2\/pages\/814\/revisions"}],"predecessor-version":[{"id":1306,"href":"https:\/\/artofgolf.eu\/de\/wp-json\/wp\/v2\/pages\/814\/revisions\/1306"}],"wp:attachment":[{"href":"https:\/\/artofgolf.eu\/de\/wp-json\/wp\/v2\/media?parent=814"}],"curies":[{"name":"wp","href":"https:\/\/api.w.org\/{rel}","templated":true}]}}